{"id":2034,"date":"2024-10-05T16:00:08","date_gmt":"2024-10-05T14:00:08","guid":{"rendered":"https:\/\/www.helmeck.com\/ueber-uns\/"},"modified":"2025-07-21T11:14:39","modified_gmt":"2025-07-21T09:14:39","slug":"ueber-uns","status":"publish","type":"page","link":"https:\/\/www.helmeck.com\/de\/ueber-uns\/","title":{"rendered":"\u00dcBER UNS"},"content":{"rendered":"\t\t<div data-elementor-type=\"wp-page\" data-elementor-id=\"2034\" class=\"elementor elementor-2034 elementor-22\" data-elementor-post-type=\"page\">\n\t\t\t\t<div class=\"elementor-element elementor-element-95d2b8d e-con-full e-flex e-con e-parent\" data-id=\"95d2b8d\" data-element_type=\"container\" data-e-type=\"container\" data-settings=\"{&quot;background_background&quot;:&quot;classic&quot;}\">\n\t\t<div class=\"elementor-element elementor-element-0d709a5 e-con-full e-flex e-con e-child\" data-id=\"0d709a5\" data-element_type=\"container\" data-e-type=\"container\">\n\t\t\t\t<div class=\"elementor-element elementor-element-38e9a34 elementor-widget elementor-widget-heading\" data-id=\"38e9a34\" data-element_type=\"widget\" data-e-type=\"widget\" data-widget_type=\"heading.default\">\n\t\t\t\t<div class=\"elementor-widget-container\">\n\t\t\t\t\t<h1 class=\"elementor-heading-title elementor-size-default\">\u00dcber uns<\/h1>\t\t\t\t<\/div>\n\t\t\t\t<\/div>\n\t\t\t\t<\/div>\n\t\t<div class=\"elementor-element elementor-element-8abe077 e-con-full e-flex e-con e-child\" data-id=\"8abe077\" data-element_type=\"container\" data-e-type=\"container\">\n\t\t\t\t<div class=\"elementor-element elementor-element-3633d90 elementor-align-center elementor-mobile-align-left elementor-widget__width-initial elementor-widget-tablet__width-inherit elementor-widget-mobile__width-inherit elementor-widget elementor-widget-breadcrumbs\" data-id=\"3633d90\" data-element_type=\"widget\" data-e-type=\"widget\" data-widget_type=\"breadcrumbs.default\">\n\t\t\t\t<div class=\"elementor-widget-container\">\n\t\t\t\t\t<p id=\"breadcrumbs\"><span><span><a href=\"https:\/\/www.helmeck.com\/de\/\">Startseite<\/a><\/span><\/span><\/p>\t\t\t\t<\/div>\n\t\t\t\t<\/div>\n\t\t\t\t<\/div>\n\t\t\t\t<\/div>\n\t\t<div class=\"elementor-element elementor-element-dd5c245 e-con-full e-flex e-con e-parent\" data-id=\"dd5c245\" data-element_type=\"container\" data-e-type=\"container\">\n\t\t<div class=\"elementor-element elementor-element-d5e3839 e-con-full e-flex e-con e-child\" data-id=\"d5e3839\" data-element_type=\"container\" data-e-type=\"container\">\n\t\t\t\t<div class=\"elementor-element elementor-element-d005d7b elementor-widget elementor-widget-heading\" data-id=\"d005d7b\" data-element_type=\"widget\" data-e-type=\"widget\" data-widget_type=\"heading.default\">\n\t\t\t\t<div class=\"elementor-widget-container\">\n\t\t\t\t\t<h2 class=\"elementor-heading-title elementor-size-default\">\u00dcber HELMECK LDT<\/h2>\t\t\t\t<\/div>\n\t\t\t\t<\/div>\n\t\t\t\t<div class=\"elementor-element elementor-element-34947c6 elementor-widget elementor-widget-text-editor\" data-id=\"34947c6\" data-element_type=\"widget\" data-e-type=\"widget\" data-widget_type=\"text-editor.default\">\n\t\t\t\t<div class=\"elementor-widget-container\">\n\t\t\t\t\t\t\t\t\t<p>HELMECK LDT ist ein Spezialist f\u00fcr die Bereitstellung hochwertiger Datendienste und komplexer Migrations-\/Digitalisierungsprojekte. HELMECK LDT bietet eine breite Palette von IT-Dienstleistungen f\u00fcr Kunden aus verschiedenen Branchen, darunter Finanzdienstleistungen, \u00f6ffentlicher Sektor, Fertigung, Einzelhandel und Verteidigung.<\/p>\t\t\t\t\t\t\t\t<\/div>\n\t\t\t\t<\/div>\n\t\t\t\t<div class=\"elementor-element elementor-element-6cf42d1 elementor-widget elementor-widget-text-editor\" data-id=\"6cf42d1\" data-element_type=\"widget\" data-e-type=\"widget\" data-widget_type=\"text-editor.default\">\n\t\t\t\t<div class=\"elementor-widget-container\">\n\t\t\t\t\t\t\t\t\t<p>Eine Sache, die uns auszeichnet, ist die einzigartige Zusammenarbeit und Leidenschaft unserer Mitarbeiter, die unseren Kunden bei jedem Schritt zur Seite stehen. Wir sagen, wie es ist, um Hindernisse und Herausforderungen vorherzusehen und zu vermeiden. Unsere Kunden empfehlen uns weiter, weil wir uns mehr k\u00fcmmern und die Extrameile gehen.<\/p>\t\t\t\t\t\t\t\t<\/div>\n\t\t\t\t<\/div>\n\t\t\t\t<\/div>\n\t\t<div class=\"elementor-element elementor-element-27e40a9 e-con-full e-flex e-con e-child\" data-id=\"27e40a9\" data-element_type=\"container\" data-e-type=\"container\" data-settings=\"{&quot;background_background&quot;:&quot;classic&quot;}\">\n\t\t\t\t<div class=\"elementor-element elementor-element-d3555be elementor-widget elementor-widget-image\" data-id=\"d3555be\" data-element_type=\"widget\" data-e-type=\"widget\" data-widget_type=\"image.default\">\n\t\t\t\t<div class=\"elementor-widget-container\">\n\t\t\t\t\t\t\t\t\t\t\t\t\t\t\t<img decoding=\"async\" width=\"398\" height=\"69\" src=\"https:\/\/www.helmeck.com\/wp-content\/uploads\/2025\/07\/Logo_ohne.png\" class=\"attachment-large size-large wp-image-2028\" alt=\"\" srcset=\"https:\/\/www.helmeck.com\/wp-content\/uploads\/2025\/07\/Logo_ohne.png 398w, https:\/\/www.helmeck.com\/wp-content\/uploads\/2025\/07\/Logo_ohne-300x52.png 300w\" sizes=\"(max-width: 398px) 100vw, 398px\" \/>\t\t\t\t\t\t\t\t\t\t\t\t\t\t\t<\/div>\n\t\t\t\t<\/div>\n\t\t\t\t<\/div>\n\t\t\t\t<\/div>\n\t\t\t\t<\/div>\n\t\t","protected":false},"excerpt":{"rendered":"<p>\u00dcber uns \u00dcber HELMECK LDT HELMECK LDT ist ein Spezialist f\u00fcr die Bereitstellung hochwertiger Datendienste und komplexer Migrations-\/Digitalisierungsprojekte. HELMECK LDT bietet eine breite Palette von IT-Dienstleistungen f\u00fcr Kunden aus verschiedenen Branchen, darunter Finanzdienstleistungen, \u00f6ffentlicher Sektor, Fertigung, Einzelhandel und Verteidigung. Eine Sache, die uns auszeichnet, ist die einzigartige Zusammenarbeit und Leidenschaft unserer Mitarbeiter, die unseren Kunden [&hellip;]<\/p>\n","protected":false},"author":1,"featured_media":0,"parent":0,"menu_order":0,"comment_status":"closed","ping_status":"closed","template":"elementor_header_footer","meta":{"footnotes":""},"class_list":["post-2034","page","type-page","status-publish","hentry"],"yoast_head":"<!-- This site is optimized with the Yoast SEO plugin v27.5 - https:\/\/yoast.com\/product\/yoast-seo-wordpress\/ -->\n<title>\u00dcber uns | HELMECK TECHNOLOGY LTD<\/title>\n<meta name=\"description\" content=\"HELMECK Technology ist ein Spezialist f\u00fcr die Bereitstellung hochwertiger Datendienste und komplexer Migrations-\/Digitalisierungsprojekte.\" \/>\n<meta name=\"robots\" content=\"index, follow, max-snippet:-1, max-image-preview:large, max-video-preview:-1\" \/>\n<link rel=\"canonical\" href=\"https:\/\/www.helmeck.com\/de\/ueber-uns\/\" \/>\n<meta property=\"og:locale\" content=\"de_DE\" \/>\n<meta property=\"og:type\" content=\"article\" \/>\n<meta property=\"og:title\" content=\"\u00dcber uns | HELMECK TECHNOLOGY LTD\" \/>\n<meta property=\"og:description\" content=\"HELMECK Technology ist ein Spezialist f\u00fcr die Bereitstellung hochwertiger Datendienste und komplexer Migrations-\/Digitalisierungsprojekte.\" \/>\n<meta property=\"og:url\" content=\"https:\/\/www.helmeck.com\/de\/ueber-uns\/\" \/>\n<meta property=\"og:site_name\" content=\"HELMECK LTD\" \/>\n<meta property=\"article:modified_time\" content=\"2025-07-21T09:14:39+00:00\" \/>\n<meta property=\"og:image\" content=\"https:\/\/www.helmeck.com\/wp-content\/uploads\/2025\/07\/Logo_ohne.png\" \/>\n\t<meta property=\"og:image:width\" content=\"398\" \/>\n\t<meta property=\"og:image:height\" content=\"69\" \/>\n\t<meta property=\"og:image:type\" content=\"image\/png\" \/>\n<meta name=\"twitter:card\" content=\"summary_large_image\" \/>\n<script type=\"application\/ld+json\" class=\"yoast-schema-graph\">{\"@context\":\"https:\\\/\\\/schema.org\",\"@graph\":[{\"@type\":\"WebPage\",\"@id\":\"https:\\\/\\\/www.helmeck.com\\\/de\\\/ueber-uns\\\/\",\"url\":\"https:\\\/\\\/www.helmeck.com\\\/de\\\/ueber-uns\\\/\",\"name\":\"\u00dcber uns | HELMECK TECHNOLOGY LTD\",\"isPartOf\":{\"@id\":\"https:\\\/\\\/www.helmeck.com\\\/de\\\/#website\"},\"primaryImageOfPage\":{\"@id\":\"https:\\\/\\\/www.helmeck.com\\\/de\\\/ueber-uns\\\/#primaryimage\"},\"image\":{\"@id\":\"https:\\\/\\\/www.helmeck.com\\\/de\\\/ueber-uns\\\/#primaryimage\"},\"thumbnailUrl\":\"https:\\\/\\\/www.helmeck.com\\\/wp-content\\\/uploads\\\/2025\\\/07\\\/Logo_ohne.png\",\"datePublished\":\"2024-10-05T14:00:08+00:00\",\"dateModified\":\"2025-07-21T09:14:39+00:00\",\"description\":\"HELMECK Technology ist ein Spezialist f\u00fcr die Bereitstellung hochwertiger Datendienste und komplexer Migrations-\\\/Digitalisierungsprojekte.\",\"breadcrumb\":{\"@id\":\"https:\\\/\\\/www.helmeck.com\\\/de\\\/ueber-uns\\\/#breadcrumb\"},\"inLanguage\":\"de\",\"potentialAction\":[{\"@type\":\"ReadAction\",\"target\":[\"https:\\\/\\\/www.helmeck.com\\\/de\\\/ueber-uns\\\/\"]}]},{\"@type\":\"ImageObject\",\"inLanguage\":\"de\",\"@id\":\"https:\\\/\\\/www.helmeck.com\\\/de\\\/ueber-uns\\\/#primaryimage\",\"url\":\"https:\\\/\\\/www.helmeck.com\\\/wp-content\\\/uploads\\\/2025\\\/07\\\/Logo_ohne.png\",\"contentUrl\":\"https:\\\/\\\/www.helmeck.com\\\/wp-content\\\/uploads\\\/2025\\\/07\\\/Logo_ohne.png\"},{\"@type\":\"BreadcrumbList\",\"@id\":\"https:\\\/\\\/www.helmeck.com\\\/de\\\/ueber-uns\\\/#breadcrumb\",\"itemListElement\":[{\"@type\":\"ListItem\",\"position\":1,\"name\":\"Startseite\",\"item\":\"https:\\\/\\\/www.helmeck.com\\\/de\\\/\"},{\"@type\":\"ListItem\",\"position\":2,\"name\":\"\u00dcBER UNS\"}]},{\"@type\":\"WebSite\",\"@id\":\"https:\\\/\\\/www.helmeck.com\\\/de\\\/#website\",\"url\":\"https:\\\/\\\/www.helmeck.com\\\/de\\\/\",\"name\":\"HELMECK TECHNOLOGY LTD\",\"description\":\"Spezialisten f\u00fcr die Migration von komplexen IT-L\u00f6sungen\",\"publisher\":{\"@id\":\"https:\\\/\\\/www.helmeck.com\\\/de\\\/#organization\"},\"alternateName\":\"IT Solutions\",\"potentialAction\":[{\"@type\":\"SearchAction\",\"target\":{\"@type\":\"EntryPoint\",\"urlTemplate\":\"https:\\\/\\\/www.helmeck.com\\\/de\\\/?s={search_term_string}\"},\"query-input\":{\"@type\":\"PropertyValueSpecification\",\"valueRequired\":true,\"valueName\":\"search_term_string\"}}],\"inLanguage\":\"de\"},{\"@type\":\"Organization\",\"@id\":\"https:\\\/\\\/www.helmeck.com\\\/de\\\/#organization\",\"name\":\"HELMECK TECHNOLOGY LTD\",\"alternateName\":\"HELMECK TECHNOLOGY LTD\",\"url\":\"https:\\\/\\\/www.helmeck.com\\\/de\\\/\",\"logo\":{\"@type\":\"ImageObject\",\"inLanguage\":\"de\",\"@id\":\"https:\\\/\\\/www.helmeck.com\\\/de\\\/#\\\/schema\\\/logo\\\/image\\\/\",\"url\":\"https:\\\/\\\/www.helmeck.com\\\/wp-content\\\/uploads\\\/2024\\\/10\\\/logo-2.png\",\"contentUrl\":\"https:\\\/\\\/www.helmeck.com\\\/wp-content\\\/uploads\\\/2024\\\/10\\\/logo-2.png\",\"width\":398,\"height\":95,\"caption\":\"HELMECK TECHNOLOGY LTD\"},\"image\":{\"@id\":\"https:\\\/\\\/www.helmeck.com\\\/de\\\/#\\\/schema\\\/logo\\\/image\\\/\"}}]}<\/script>\n<!-- \/ Yoast SEO plugin. -->","yoast_head_json":{"title":"\u00dcber uns | HELMECK TECHNOLOGY LTD","description":"HELMECK Technology ist ein Spezialist f\u00fcr die Bereitstellung hochwertiger Datendienste und komplexer Migrations-\/Digitalisierungsprojekte.","robots":{"index":"index","follow":"follow","max-snippet":"max-snippet:-1","max-image-preview":"max-image-preview:large","max-video-preview":"max-video-preview:-1"},"canonical":"https:\/\/www.helmeck.com\/de\/ueber-uns\/","og_locale":"de_DE","og_type":"article","og_title":"\u00dcber uns | HELMECK TECHNOLOGY LTD","og_description":"HELMECK Technology ist ein Spezialist f\u00fcr die Bereitstellung hochwertiger Datendienste und komplexer Migrations-\/Digitalisierungsprojekte.","og_url":"https:\/\/www.helmeck.com\/de\/ueber-uns\/","og_site_name":"HELMECK LTD","article_modified_time":"2025-07-21T09:14:39+00:00","og_image":[{"width":398,"height":69,"url":"https:\/\/www.helmeck.com\/wp-content\/uploads\/2025\/07\/Logo_ohne.png","type":"image\/png"}],"twitter_card":"summary_large_image","schema":{"@context":"https:\/\/schema.org","@graph":[{"@type":"WebPage","@id":"https:\/\/www.helmeck.com\/de\/ueber-uns\/","url":"https:\/\/www.helmeck.com\/de\/ueber-uns\/","name":"\u00dcber uns | HELMECK TECHNOLOGY LTD","isPartOf":{"@id":"https:\/\/www.helmeck.com\/de\/#website"},"primaryImageOfPage":{"@id":"https:\/\/www.helmeck.com\/de\/ueber-uns\/#primaryimage"},"image":{"@id":"https:\/\/www.helmeck.com\/de\/ueber-uns\/#primaryimage"},"thumbnailUrl":"https:\/\/www.helmeck.com\/wp-content\/uploads\/2025\/07\/Logo_ohne.png","datePublished":"2024-10-05T14:00:08+00:00","dateModified":"2025-07-21T09:14:39+00:00","description":"HELMECK Technology ist ein Spezialist f\u00fcr die Bereitstellung hochwertiger Datendienste und komplexer Migrations-\/Digitalisierungsprojekte.","breadcrumb":{"@id":"https:\/\/www.helmeck.com\/de\/ueber-uns\/#breadcrumb"},"inLanguage":"de","potentialAction":[{"@type":"ReadAction","target":["https:\/\/www.helmeck.com\/de\/ueber-uns\/"]}]},{"@type":"ImageObject","inLanguage":"de","@id":"https:\/\/www.helmeck.com\/de\/ueber-uns\/#primaryimage","url":"https:\/\/www.helmeck.com\/wp-content\/uploads\/2025\/07\/Logo_ohne.png","contentUrl":"https:\/\/www.helmeck.com\/wp-content\/uploads\/2025\/07\/Logo_ohne.png"},{"@type":"BreadcrumbList","@id":"https:\/\/www.helmeck.com\/de\/ueber-uns\/#breadcrumb","itemListElement":[{"@type":"ListItem","position":1,"name":"Startseite","item":"https:\/\/www.helmeck.com\/de\/"},{"@type":"ListItem","position":2,"name":"\u00dcBER UNS"}]},{"@type":"WebSite","@id":"https:\/\/www.helmeck.com\/de\/#website","url":"https:\/\/www.helmeck.com\/de\/","name":"HELMECK TECHNOLOGY LTD","description":"Spezialisten f\u00fcr die Migration von komplexen IT-L\u00f6sungen","publisher":{"@id":"https:\/\/www.helmeck.com\/de\/#organization"},"alternateName":"IT Solutions","potentialAction":[{"@type":"SearchAction","target":{"@type":"EntryPoint","urlTemplate":"https:\/\/www.helmeck.com\/de\/?s={search_term_string}"},"query-input":{"@type":"PropertyValueSpecification","valueRequired":true,"valueName":"search_term_string"}}],"inLanguage":"de"},{"@type":"Organization","@id":"https:\/\/www.helmeck.com\/de\/#organization","name":"HELMECK TECHNOLOGY LTD","alternateName":"HELMECK TECHNOLOGY LTD","url":"https:\/\/www.helmeck.com\/de\/","logo":{"@type":"ImageObject","inLanguage":"de","@id":"https:\/\/www.helmeck.com\/de\/#\/schema\/logo\/image\/","url":"https:\/\/www.helmeck.com\/wp-content\/uploads\/2024\/10\/logo-2.png","contentUrl":"https:\/\/www.helmeck.com\/wp-content\/uploads\/2024\/10\/logo-2.png","width":398,"height":95,"caption":"HELMECK TECHNOLOGY LTD"},"image":{"@id":"https:\/\/www.helmeck.com\/de\/#\/schema\/logo\/image\/"}}]}},"_links":{"self":[{"href":"https:\/\/www.helmeck.com\/de\/wp-json\/wp\/v2\/pages\/2034","targetHints":{"allow":["GET"]}}],"collection":[{"href":"https:\/\/www.helmeck.com\/de\/wp-json\/wp\/v2\/pages"}],"about":[{"href":"https:\/\/www.helmeck.com\/de\/wp-json\/wp\/v2\/types\/page"}],"author":[{"embeddable":true,"href":"https:\/\/www.helmeck.com\/de\/wp-json\/wp\/v2\/users\/1"}],"replies":[{"embeddable":true,"href":"https:\/\/www.helmeck.com\/de\/wp-json\/wp\/v2\/comments?post=2034"}],"version-history":[{"count":1,"href":"https:\/\/www.helmeck.com\/de\/wp-json\/wp\/v2\/pages\/2034\/revisions"}],"predecessor-version":[{"id":2035,"href":"https:\/\/www.helmeck.com\/de\/wp-json\/wp\/v2\/pages\/2034\/revisions\/2035"}],"wp:attachment":[{"href":"https:\/\/www.helmeck.com\/de\/wp-json\/wp\/v2\/media?parent=2034"}],"curies":[{"name":"wp","href":"https:\/\/api.w.org\/{rel}","templated":true}]}}